{"id":25,"date":"2017-07-22T18:46:08","date_gmt":"2017-07-22T23:46:08","guid":{"rendered":"http:\/\/fusionime.mx\/?page_id=25"},"modified":"2017-07-22T19:13:02","modified_gmt":"2017-07-23T00:13:02","slug":"principal","status":"publish","type":"page","link":"https:\/\/fusionime.mx\/","title":{"rendered":""},"content":{"rendered":"<p>Tal y como el ambiente de negocios lo demanda, <strong>Fusi\u00f3n Estrat\u00e9gica IME<\/strong> brinda integraci\u00f3n de servicios y desarrollo de proyectos Log\u00edsticos y Comerciales, que necesitan las empresas para la simplificaci\u00f3n de sus actividades de Comercio Exterior, contemplando la seguridad tanto de sus operaciones como de su informaci\u00f3n y sensibiliz\u00e1ndose con los costos y gastos operativos para ofrecerle siempre la mejor propuesta.<\/p>\n<p>En <strong>Fusi\u00f3n Estrat\u00e9gica IME<\/strong> desarrollamos alianzas con empresas especializadas y ofrecemos a la comunidad importadora y exportadora los siguientes servicios y beneficios al comercio exterior:<\/p>\n<ul>\n<li>Asesor\u00eda Log\u00edstica y Aduanal.<\/li>\n<li>Servicio de transporte internacional y nacional a\u00e9reo y mar\u00edtimo.<\/li>\n<li>Consolidaci\u00f3n y reexpedici\u00f3n de carga.<\/li>\n<li>Soluciones door to door.<\/li>\n<li>Despacho Aduanal por las Aduanas de: Veracruz, AICM, Guadalajara, Manzanillo y N. Laredo<\/li>\n<li>Despachos A\u00e9reos en 24 hrs.<\/li>\n<li>Recolecci\u00f3n y entrega de mercanc\u00edas.<\/li>\n<li>Comercializadora con Padr\u00f3n de importadores General y de Sectores espec\u00edficos.<\/li>\n<li>Almacenamiento de carga en general, en bodegas seguras y cerca del AICM.<\/li>\n<li>Embalajes normales o especiales para cualquier tipo de mercanc\u00eda.<\/li>\n<li>Paqueter\u00eda y mensajer\u00eda nacional e internacional.<\/li>\n<li>Personal capacitado y comprometido para realizar sus despachos.<\/li>\n<li>Retroalimentaci\u00f3n constante de sus operaciones v\u00eda telef\u00f3nica y v\u00eda correo.<\/li>\n<li>Apoyo con elaboraci\u00f3n de escritos para aminorar tiempos y re-trabajos.<\/li>\n<li>Revisi\u00f3n de estrados en aduana diariamente para reportar las gu\u00edas oportunamente<\/li>\n<li>Entregar cuentas de gastos en un plazo no mayor de 24 horas.<\/li>\n<li>Envi\u00f3 de cuenta v\u00eda correo con PDF y xml de los comprobantes que amparen el despacho.<\/li>\n<li>Guardar y tener a disposici\u00f3n v\u00eda electr\u00f3nica la documentaci\u00f3n y comprobantes de gastos.<\/li>\n<li>Tener a disposici\u00f3n el archivo electr\u00f3nico de la documentaci\u00f3n utilizada en la operaci\u00f3n.<\/li>\n<li>Cotizaciones precisas para evitar pagos innecesarios.<\/li>\n<li>Elaboraci\u00f3n de reportes mensuales.<\/li>\n<li>Envi\u00f3 de estados de cuenta semanales.<\/li>\n<li>Devoluci\u00f3n de saldos a favor por operaci\u00f3n, semana, mes o como lo requiera.<\/li>\n<li>Apoyo y asesor\u00eda en cualquier horario.<\/li>\n<li>Soluciones a cada contratiempo que se pudiera presentar.<\/li>\n<\/ul>\n<p>Por todas estas razones en <strong>Fusi\u00f3n Estrat\u00e9gica IME<\/strong> estamos seguros de establecer una alianza estrat\u00e9gica con su organizaci\u00f3n, siempre con el compromiso de atenderle con la mayor calidad y eficiencia.<\/p>\n<p><strong>L.C.I Ivonne Bernal G\u00f3mez<\/strong><br \/>\nFusi\u00f3n Estrat\u00e9gica IME S.A de C.V<br \/>\nNext. 43 30 50 60 \/ 92*686319*2<br \/>\nivonne.bernal@fusionime.mx<\/p>\n","protected":false},"excerpt":{"rendered":"<p>Tal y como el ambiente de negocios lo demanda, Fusi\u00f3n Estrat\u00e9gica IME brinda integraci\u00f3n de servicios y desarrollo de proyectos Log\u00edsticos y Comerciales, que necesitan las empresas para la simplificaci\u00f3n de sus actividades de Comercio Exterior, contemplando la seguridad tanto de sus operaciones como de su informaci\u00f3n y sensibiliz\u00e1ndose con los costos y gastos operativos &hellip;<\/p>\n","protected":false},"author":1,"featured_media":0,"parent":0,"menu_order":1,"comment_status":"closed","ping_status":"closed","template":"","meta":{"_acf_changed":false,"footnotes":""},"class_list":["post-25","page","type-page","status-publish","hentry"],"acf":[],"_links":{"self":[{"href":"https:\/\/fusionime.mx\/index.php?rest_route=\/wp\/v2\/pages\/25","targetHints":{"allow":["GET"]}}],"collection":[{"href":"https:\/\/fusionime.mx\/index.php?rest_route=\/wp\/v2\/pages"}],"about":[{"href":"https:\/\/fusionime.mx\/index.php?rest_route=\/wp\/v2\/types\/page"}],"author":[{"embeddable":true,"href":"https:\/\/fusionime.mx\/index.php?rest_route=\/wp\/v2\/users\/1"}],"replies":[{"embeddable":true,"href":"https:\/\/fusionime.mx\/index.php?rest_route=%2Fwp%2Fv2%2Fcomments&post=25"}],"version-history":[{"count":5,"href":"https:\/\/fusionime.mx\/index.php?rest_route=\/wp\/v2\/pages\/25\/revisions"}],"predecessor-version":[{"id":49,"href":"https:\/\/fusionime.mx\/index.php?rest_route=\/wp\/v2\/pages\/25\/revisions\/49"}],"wp:attachment":[{"href":"https:\/\/fusionime.mx\/index.php?rest_route=%2Fwp%2Fv2%2Fmedia&parent=25"}],"curies":[{"name":"wp","href":"https:\/\/api.w.org\/{rel}","templated":true}]}}