{"id":21,"date":"2017-07-22T18:39:49","date_gmt":"2017-07-22T23:39:49","guid":{"rendered":"http:\/\/fusionime.mx\/?page_id=21"},"modified":"2017-07-22T19:14:40","modified_gmt":"2017-07-23T00:14:40","slug":"vision","status":"publish","type":"page","link":"https:\/\/fusionime.mx\/?page_id=21","title":{"rendered":"VISI\u00d3N"},"content":{"rendered":"<p>Ser la empresa l\u00edder en la integraci\u00f3n proyectos Log\u00edsticos y Comerciales, que necesitan las empresas para la simplificaci\u00f3n de sus actividades de Comercio Exterior, consolid\u00e1ndonos como un pilar en el desarrollo de nuestros colaboradores y de la sociedad.<\/p>\n","protected":false},"excerpt":{"rendered":"<p>Ser la empresa l\u00edder en la integraci\u00f3n proyectos Log\u00edsticos y Comerciales, que necesitan las empresas para la simplificaci\u00f3n de sus actividades de Comercio Exterior, consolid\u00e1ndonos como un pilar en el desarrollo de nuestros colaboradores y de la sociedad.<\/p>\n","protected":false},"author":1,"featured_media":0,"parent":0,"menu_order":15,"comment_status":"closed","ping_status":"closed","template":"","meta":{"_acf_changed":false,"footnotes":""},"class_list":["post-21","page","type-page","status-publish","hentry"],"acf":[],"_links":{"self":[{"href":"https:\/\/fusionime.mx\/index.php?rest_route=\/wp\/v2\/pages\/21","targetHints":{"allow":["GET"]}}],"collection":[{"href":"https:\/\/fusionime.mx\/index.php?rest_route=\/wp\/v2\/pages"}],"about":[{"href":"https:\/\/fusionime.mx\/index.php?rest_route=\/wp\/v2\/types\/page"}],"author":[{"embeddable":true,"href":"https:\/\/fusionime.mx\/index.php?rest_route=\/wp\/v2\/users\/1"}],"replies":[{"embeddable":true,"href":"https:\/\/fusionime.mx\/index.php?rest_route=%2Fwp%2Fv2%2Fcomments&post=21"}],"version-history":[{"count":2,"href":"https:\/\/fusionime.mx\/index.php?rest_route=\/wp\/v2\/pages\/21\/revisions"}],"predecessor-version":[{"id":53,"href":"https:\/\/fusionime.mx\/index.php?rest_route=\/wp\/v2\/pages\/21\/revisions\/53"}],"wp:attachment":[{"href":"https:\/\/fusionime.mx\/index.php?rest_route=%2Fwp%2Fv2%2Fmedia&parent=21"}],"curies":[{"name":"wp","href":"https:\/\/api.w.org\/{rel}","templated":true}]}}