{"id":2,"date":"2017-07-22T23:12:43","date_gmt":"2017-07-22T23:12:43","guid":{"rendered":"https:\/\/fusionime.mx\/?page_id=2"},"modified":"2017-07-22T19:36:57","modified_gmt":"2017-07-23T00:36:57","slug":"sample-page","status":"publish","type":"page","link":"https:\/\/fusionime.mx\/?page_id=2","title":{"rendered":"CREACI\u00d3N"},"content":{"rendered":"<p>En un mercado cada vez m\u00e1s globalizado, las operaciones de Comercio Exterior son cada d\u00eda m\u00e1s frecuentes y necesarias para el desarrollo econ\u00f3mico e industrial de nuestra sociedad, y por lo tanto, las empresas requieren colaboradores con una visi\u00f3n y conocimientos especializados en log\u00edstica internacional.<\/p>\n<p>Es as\u00ed que <strong>Fusi\u00f3n Estrat\u00e9gica IME<\/strong>, nace como una opci\u00f3n de respuesta a las necesidades de la comunidad importadora y exportadora de contar con proveedores y servicios integrales que simplifiquen sus operaciones, garantizando la calidad de sus procesos y disminuci\u00f3n de costos, sin poner en riesgo las bondades de su negocio.<\/p>\n","protected":false},"excerpt":{"rendered":"<p>En un mercado cada vez m\u00e1s globalizado, las operaciones de Comercio Exterior son cada d\u00eda m\u00e1s frecuentes y necesarias para el desarrollo econ\u00f3mico e industrial de nuestra sociedad, y por lo tanto, las empresas requieren colaboradores con una visi\u00f3n y conocimientos especializados en log\u00edstica internacional. Es as\u00ed que Fusi\u00f3n Estrat\u00e9gica IME, nace como una opci\u00f3n &hellip;<\/p>\n","protected":false},"author":1,"featured_media":0,"parent":0,"menu_order":5,"comment_status":"closed","ping_status":"closed","template":"","meta":{"_acf_changed":false,"footnotes":""},"class_list":["post-2","page","type-page","status-publish","hentry"],"acf":[],"_links":{"self":[{"href":"https:\/\/fusionime.mx\/index.php?rest_route=\/wp\/v2\/pages\/2","targetHints":{"allow":["GET"]}}],"collection":[{"href":"https:\/\/fusionime.mx\/index.php?rest_route=\/wp\/v2\/pages"}],"about":[{"href":"https:\/\/fusionime.mx\/index.php?rest_route=\/wp\/v2\/types\/page"}],"author":[{"embeddable":true,"href":"https:\/\/fusionime.mx\/index.php?rest_route=\/wp\/v2\/users\/1"}],"replies":[{"embeddable":true,"href":"https:\/\/fusionime.mx\/index.php?rest_route=%2Fwp%2Fv2%2Fcomments&post=2"}],"version-history":[{"count":6,"href":"https:\/\/fusionime.mx\/index.php?rest_route=\/wp\/v2\/pages\/2\/revisions"}],"predecessor-version":[{"id":56,"href":"https:\/\/fusionime.mx\/index.php?rest_route=\/wp\/v2\/pages\/2\/revisions\/56"}],"wp:attachment":[{"href":"https:\/\/fusionime.mx\/index.php?rest_route=%2Fwp%2Fv2%2Fmedia&parent=2"}],"curies":[{"name":"wp","href":"https:\/\/api.w.org\/{rel}","templated":true}]}}