{"id":19,"date":"2017-07-22T18:39:14","date_gmt":"2017-07-22T23:39:14","guid":{"rendered":"http:\/\/fusionime.mx\/?page_id=19"},"modified":"2017-07-22T19:14:16","modified_gmt":"2017-07-23T00:14:16","slug":"mision","status":"publish","type":"page","link":"https:\/\/fusionime.mx\/?page_id=19","title":{"rendered":"MISI\u00d3N"},"content":{"rendered":"<p>Desarrollar proyectos de Log\u00edstica Internacional que nos posicionen como la mejor empresa en la integraci\u00f3n de servicios, con un esp\u00edritu de respuesta \u00e1gil y din\u00e1mico, para superar las expectativas de nuestros clientes.<\/p>\n","protected":false},"excerpt":{"rendered":"<p>Desarrollar proyectos de Log\u00edstica Internacional que nos posicionen como la mejor empresa en la integraci\u00f3n de servicios, con un esp\u00edritu de respuesta \u00e1gil y din\u00e1mico, para superar las expectativas de nuestros clientes.<\/p>\n","protected":false},"author":1,"featured_media":0,"parent":0,"menu_order":15,"comment_status":"closed","ping_status":"closed","template":"","meta":{"_acf_changed":false,"footnotes":""},"class_list":["post-19","page","type-page","status-publish","hentry"],"acf":[],"_links":{"self":[{"href":"https:\/\/fusionime.mx\/index.php?rest_route=\/wp\/v2\/pages\/19","targetHints":{"allow":["GET"]}}],"collection":[{"href":"https:\/\/fusionime.mx\/index.php?rest_route=\/wp\/v2\/pages"}],"about":[{"href":"https:\/\/fusionime.mx\/index.php?rest_route=\/wp\/v2\/types\/page"}],"author":[{"embeddable":true,"href":"https:\/\/fusionime.mx\/index.php?rest_route=\/wp\/v2\/users\/1"}],"replies":[{"embeddable":true,"href":"https:\/\/fusionime.mx\/index.php?rest_route=%2Fwp%2Fv2%2Fcomments&post=19"}],"version-history":[{"count":2,"href":"https:\/\/fusionime.mx\/index.php?rest_route=\/wp\/v2\/pages\/19\/revisions"}],"predecessor-version":[{"id":52,"href":"https:\/\/fusionime.mx\/index.php?rest_route=\/wp\/v2\/pages\/19\/revisions\/52"}],"wp:attachment":[{"href":"https:\/\/fusionime.mx\/index.php?rest_route=%2Fwp%2Fv2%2Fmedia&parent=19"}],"curies":[{"name":"wp","href":"https:\/\/api.w.org\/{rel}","templated":true}]}}