{"id":16,"date":"2017-07-22T18:38:27","date_gmt":"2017-07-22T23:38:27","guid":{"rendered":"http:\/\/fusionime.mx\/?page_id=16"},"modified":"2017-07-22T19:13:51","modified_gmt":"2017-07-23T00:13:51","slug":"experiencia","status":"publish","type":"page","link":"https:\/\/fusionime.mx\/?page_id=16","title":{"rendered":"EXPERIENCIA"},"content":{"rendered":"<p>Nuestra empresa se crea a partir de la <strong>Fusi\u00f3n<\/strong> de m\u00e1s de 16 a\u00f1os de experiencia profesional, en el desarrollo de servicios log\u00edsticos tales como: despacho aduanal de mercanc\u00edas, contrataci\u00f3n de servicios asociados para carga y manejo de las mismas, almacenaje y distribuci\u00f3n de mercanc\u00edas, capacitaci\u00f3n y asesor\u00eda a empresas en temas espec\u00edficos de operaci\u00f3n aduanera, desarrollo de proyectos de log\u00edstica especializada, etc.<\/p>\n","protected":false},"excerpt":{"rendered":"<p>Nuestra empresa se crea a partir de la Fusi\u00f3n de m\u00e1s de 16 a\u00f1os de experiencia profesional, en el desarrollo de servicios log\u00edsticos tales como: despacho aduanal de mercanc\u00edas, contrataci\u00f3n de servicios asociados para carga y manejo de las mismas, almacenaje y distribuci\u00f3n de mercanc\u00edas, capacitaci\u00f3n y asesor\u00eda a empresas en temas espec\u00edficos de operaci\u00f3n &hellip;<\/p>\n","protected":false},"author":1,"featured_media":0,"parent":0,"menu_order":10,"comment_status":"closed","ping_status":"closed","template":"","meta":{"_acf_changed":false,"footnotes":""},"class_list":["post-16","page","type-page","status-publish","hentry"],"acf":[],"_links":{"self":[{"href":"https:\/\/fusionime.mx\/index.php?rest_route=\/wp\/v2\/pages\/16","targetHints":{"allow":["GET"]}}],"collection":[{"href":"https:\/\/fusionime.mx\/index.php?rest_route=\/wp\/v2\/pages"}],"about":[{"href":"https:\/\/fusionime.mx\/index.php?rest_route=\/wp\/v2\/types\/page"}],"author":[{"embeddable":true,"href":"https:\/\/fusionime.mx\/index.php?rest_route=\/wp\/v2\/users\/1"}],"replies":[{"embeddable":true,"href":"https:\/\/fusionime.mx\/index.php?rest_route=%2Fwp%2Fv2%2Fcomments&post=16"}],"version-history":[{"count":3,"href":"https:\/\/fusionime.mx\/index.php?rest_route=\/wp\/v2\/pages\/16\/revisions"}],"predecessor-version":[{"id":51,"href":"https:\/\/fusionime.mx\/index.php?rest_route=\/wp\/v2\/pages\/16\/revisions\/51"}],"wp:attachment":[{"href":"https:\/\/fusionime.mx\/index.php?rest_route=%2Fwp%2Fv2%2Fmedia&parent=16"}],"curies":[{"name":"wp","href":"https:\/\/api.w.org\/{rel}","templated":true}]}}